{"id":3327,"date":"2023-01-27T12:24:20","date_gmt":"2023-01-27T12:24:20","guid":{"rendered":"https:\/\/leroux.qodeinteractive.com\/?page_id=3327"},"modified":"2026-02-27T09:48:18","modified_gmt":"2026-02-27T13:48:18","slug":"interactive-banners","status":"publish","type":"page","link":"https:\/\/gruposollo.com.br\/","title":{"rendered":"1. Grupo Sollo &#8211; Inicio"},"content":{"rendered":"\t\t<div data-elementor-type=\"wp-page\" data-elementor-id=\"3327\" class=\"elementor elementor-3327\" data-elementor-post-type=\"page\">\n\t\t\t\t\t\t<section class=\"elementor-section elementor-top-section elementor-element elementor-element-22fc509 elementor-section-full_width elementor-section-height-default elementor-section-height-default\" data-id=\"22fc509\" data-element_type=\"section\">\n\t\t\t\t\t\t<div class=\"elementor-container elementor-column-gap-no\">\n\t\t\t\t\t<div class=\"elementor-column elementor-col-100 elementor-top-column elementor-element elementor-element-0101cf2\" data-id=\"0101cf2\" data-element_type=\"column\">\n\t\t\t<div class=\"elementor-widget-wrap elementor-element-populated\">\n\t\t\t\t\t\t<div class=\"elementor-element elementor-element-e26ab72 elementor-widget elementor-widget-leroux_core_interactive_banners\" data-id=\"e26ab72\" data-element_type=\"widget\" data-widget_type=\"leroux_core_interactive_banners.default\">\n\t\t\t\t<div class=\"elementor-widget-container\">\n\t\t\t\n<div class=\"qodef-interactive-banners qodef-shortcode qodef-m   qodef-interactive-banners-five\">\n\t<div class=\"qodef-ib-images-holder\">\n\t\t\t\t\t<div class=\"qodef-ib-image-holder qodef-active qodef--video-type\"  data-index=\"0\">\n\t\t\t\t\t\t\t\t\t<video class=\"qodef-ib-video\" autoplay muted playsinline loop src=\"http:\/\/gruposollo.com.br\/wp-content\/uploads\/2024\/04\/Video-Const2.mp4\"><\/video>\n\t\t\t\t\t\t\t<\/div>\n\t\t\t\t\t\t\t\t\t\t\t<div class=\"qodef-ib-image-holder  qodef--video-type\"  data-index=\"1\">\n\t\t\t\t\t\t\t\t\t<video class=\"qodef-ib-video\" autoplay muted playsinline loop src=\"http:\/\/gruposollo.com.br\/wp-content\/uploads\/2024\/04\/Minerbras22.mp4\"><\/video>\n\t\t\t\t\t\t\t<\/div>\n\t\t\t\t\t\t\t\t\t\t\t<div class=\"qodef-ib-image-holder  qodef--image-type\" style=\"background-image: url(https:\/\/gruposollo.com.br\/wp-content\/uploads\/2025\/03\/1-9-ESCURECIDA.jpg)\" data-index=\"2\">\n\t\t\t\t\t\t\t<\/div>\n\t\t\t\t\t\t\t\t\t\t\t<div class=\"qodef-ib-image-holder  qodef--image-type\" style=\"background-image: url(https:\/\/gruposollo.com.br\/wp-content\/uploads\/2024\/04\/ENERG.jpg)\" data-index=\"3\">\n\t\t\t\t\t\t\t<\/div>\n\t\t\t\t\t\t\t\t\t\t\t<div class=\"qodef-ib-image-holder  qodef--image-type\" style=\"background-image: url(https:\/\/gruposollo.com.br\/wp-content\/uploads\/2024\/04\/INCORP.jpg)\" data-index=\"4\">\n\t\t\t\t\t\t\t<\/div>\n\t\t\t\t\t\t\t<\/div>\n\t<div class=\"qodef-ib-content-holder\">\n\t\t\t\t\t<div class=\"qodef-ib-item qodef-active\" data-index=\"0\">\n\t\t\t\t<div class=\"qodef-ib-image-holder-responsive\" style=\"background-image: url()\">\n\t\t\t\t\t\t\t\t\t\t\t<video class=\"qodef-ib-video qodef-ib-video-responsive\" autoplay muted playsinline loop src=\"http:\/\/gruposollo.com.br\/wp-content\/uploads\/2024\/04\/Video-Const2.mp4\"><\/video>\n\t\t\t\t\t\t\t\t\t<\/div>\n\t\t\t\t<span class=\"qodef-ib-item-tag\"><\/span>\n\t\t\t\t<div class=\"qodef-ib-item-inner\">\n\t\t\t\t\t<div class=\"qodef-ib-item-title\">\n\t\t\t\t\t\t<h3> Constru\u00e7\u00e3o <\/h3>\n\t\t\t\t\t<\/div>\n\t\t\t\t\t<div class=\"qodef-ib-item-subtitle\">\n\t\t\t\t\t\t<p>  <\/p>\n\t\t\t\t\t<\/div>\n\t\t\t\t\t\t\t\t\t\t\t<div class=\"qodef-ib-item-btn-holder\">\n\t\t\t\t\t\t\t<a class=\"qodef-shortcode qodef-m  qodef-button qodef-layout--filled qodef-background--blur  qodef-html--link\" href=\"https:\/\/gruposollo.com.br\/?page_id=11910\" target=\"_self\"  >    <span class=\"qodef-m-text\">Acessar<\/span>    <span class=\"qodef-m-arrow\"><svg class=\"qodef-svg--button-arrow\" xmlns=\"http:\/\/www.w3.org\/2000\/svg\" width=\"10\" height=\"10\" viewBox=\"0 0 9.8 9.8\"><g><path d=\"m.4 9.4 9-9\"\/><path d=\"M.4.5h8.9\"\/><path d=\"M9.3 9.4V.5\"\/><\/g><g><path d=\"m.4 9.4 9-9\"\/><path d=\"M.4.5h8.9\"\/><path d=\"M9.3 9.4V.5\"\/><\/g><\/svg><\/span><\/a>\t\t\t\t\t\t<\/div>\n\t\t\t\t\t\t\t\t\t<\/div>\n\t\t\t<\/div>\n\t\t\t\t\t\t\t\t\t\t\t<div class=\"qodef-ib-item \" data-index=\"1\">\n\t\t\t\t<div class=\"qodef-ib-image-holder-responsive\" style=\"background-image: url()\">\n\t\t\t\t\t\t\t\t\t\t\t<video class=\"qodef-ib-video qodef-ib-video-responsive\" autoplay muted playsinline loop src=\"http:\/\/gruposollo.com.br\/wp-content\/uploads\/2024\/04\/Minerbras22.mp4\"><\/video>\n\t\t\t\t\t\t\t\t\t<\/div>\n\t\t\t\t<span class=\"qodef-ib-item-tag\"><\/span>\n\t\t\t\t<div class=\"qodef-ib-item-inner\">\n\t\t\t\t\t<div class=\"qodef-ib-item-title\">\n\t\t\t\t\t\t<h3> Minera\u00e7\u00e3o <\/h3>\n\t\t\t\t\t<\/div>\n\t\t\t\t\t<div class=\"qodef-ib-item-subtitle\">\n\t\t\t\t\t\t<p> Em constru\u00e7\u00e3o <\/p>\n\t\t\t\t\t<\/div>\n\t\t\t\t\t\t\t\t\t<\/div>\n\t\t\t<\/div>\n\t\t\t\t\t\t\t\t\t\t\t<div class=\"qodef-ib-item \" data-index=\"2\">\n\t\t\t\t<div class=\"qodef-ib-image-holder-responsive\" style=\"background-image: url(https:\/\/gruposollo.com.br\/wp-content\/uploads\/2025\/03\/1-9-ESCURECIDA.jpg)\">\n\t\t\t\t\t\t\t\t\t<\/div>\n\t\t\t\t<span class=\"qodef-ib-item-tag\"><\/span>\n\t\t\t\t<div class=\"qodef-ib-item-inner\">\n\t\t\t\t\t<div class=\"qodef-ib-item-title\">\n\t\t\t\t\t\t<h3> Loca\u00e7\u00e3o <\/h3>\n\t\t\t\t\t<\/div>\n\t\t\t\t\t<div class=\"qodef-ib-item-subtitle\">\n\t\t\t\t\t\t<p>  <\/p>\n\t\t\t\t\t<\/div>\n\t\t\t\t\t\t\t\t\t\t\t<div class=\"qodef-ib-item-btn-holder\">\n\t\t\t\t\t\t\t<a class=\"qodef-shortcode qodef-m  qodef-button qodef-layout--filled qodef-background--blur  qodef-html--link\" href=\"https:\/\/gruposollo.com.br\/?page_id=11805\" target=\"_self\"  >    <span class=\"qodef-m-text\">Acessar<\/span>    <span class=\"qodef-m-arrow\"><svg class=\"qodef-svg--button-arrow\" xmlns=\"http:\/\/www.w3.org\/2000\/svg\" width=\"10\" height=\"10\" viewBox=\"0 0 9.8 9.8\"><g><path d=\"m.4 9.4 9-9\"\/><path d=\"M.4.5h8.9\"\/><path d=\"M9.3 9.4V.5\"\/><\/g><g><path d=\"m.4 9.4 9-9\"\/><path d=\"M.4.5h8.9\"\/><path d=\"M9.3 9.4V.5\"\/><\/g><\/svg><\/span><\/a>\t\t\t\t\t\t<\/div>\n\t\t\t\t\t\t\t\t\t<\/div>\n\t\t\t<\/div>\n\t\t\t\t\t\t\t\t\t\t\t<div class=\"qodef-ib-item \" data-index=\"3\">\n\t\t\t\t<div class=\"qodef-ib-image-holder-responsive\" style=\"background-image: url(https:\/\/gruposollo.com.br\/wp-content\/uploads\/2024\/04\/ENERG.jpg)\">\n\t\t\t\t\t\t\t\t\t<\/div>\n\t\t\t\t<span class=\"qodef-ib-item-tag\"><\/span>\n\t\t\t\t<div class=\"qodef-ib-item-inner\">\n\t\t\t\t\t<div class=\"qodef-ib-item-title\">\n\t\t\t\t\t\t<h3> Energia <\/h3>\n\t\t\t\t\t<\/div>\n\t\t\t\t\t<div class=\"qodef-ib-item-subtitle\">\n\t\t\t\t\t\t<p> Em constru\u00e7\u00e3o <\/p>\n\t\t\t\t\t<\/div>\n\t\t\t\t\t\t\t\t\t<\/div>\n\t\t\t<\/div>\n\t\t\t\t\t\t\t\t\t\t\t<div class=\"qodef-ib-item \" data-index=\"4\">\n\t\t\t\t<div class=\"qodef-ib-image-holder-responsive\" style=\"background-image: url(https:\/\/gruposollo.com.br\/wp-content\/uploads\/2024\/04\/INCORP.jpg)\">\n\t\t\t\t\t\t\t\t\t<\/div>\n\t\t\t\t<span class=\"qodef-ib-item-tag\"><\/span>\n\t\t\t\t<div class=\"qodef-ib-item-inner\">\n\t\t\t\t\t<div class=\"qodef-ib-item-title\">\n\t\t\t\t\t\t<h3> Incorpora\u00e7\u00e3o <\/h3>\n\t\t\t\t\t<\/div>\n\t\t\t\t\t<div class=\"qodef-ib-item-subtitle\">\n\t\t\t\t\t\t<p> Em constru\u00e7\u00e3o <\/p>\n\t\t\t\t\t<\/div>\n\t\t\t\t\t\t\t\t\t<\/div>\n\t\t\t<\/div>\n\t\t\t\t\t\t\t<\/div>\n\t<div class=\"qodef-ib-grid\">\n\t\t\t\t\t<div class=\"qodef-ib-grid-line\">\n\t\t\t\t<div class=\"qodef-ib-grid-vertical-line\"><\/div>\n\t\t\t<\/div>\n\t\t\t\t\t<div class=\"qodef-ib-grid-line\">\n\t\t\t\t<div class=\"qodef-ib-grid-vertical-line\"><\/div>\n\t\t\t<\/div>\n\t\t\t\t\t<div class=\"qodef-ib-grid-line\">\n\t\t\t\t<div class=\"qodef-ib-grid-vertical-line\"><\/div>\n\t\t\t<\/div>\n\t\t\t\t\t<div class=\"qodef-ib-grid-line\">\n\t\t\t\t<div class=\"qodef-ib-grid-vertical-line\"><\/div>\n\t\t\t<\/div>\n\t\t\t\t\t<div class=\"qodef-ib-grid-line\">\n\t\t\t\t<div class=\"qodef-ib-grid-vertical-line\"><\/div>\n\t\t\t<\/div>\n\t\t\t<\/div>\n<\/div>\t\t<\/div>\n\t\t\t\t<\/div>\n\t\t\t\t\t<\/div>\n\t\t<\/div>\n\t\t\t\t\t<\/div>\n\t\t<\/section>\n\t\t\t\t<\/div>\n\t\t","protected":false},"excerpt":{"rendered":"<p>Constru\u00e7\u00e3o Acessar Minera\u00e7\u00e3o Em constru\u00e7\u00e3o Loca\u00e7\u00e3o Acessar Energia Em constru\u00e7\u00e3o Incorpora\u00e7\u00e3o Em constru\u00e7\u00e3o<\/p>\n","protected":false},"author":1,"featured_media":11024,"parent":0,"menu_order":0,"comment_status":"closed","ping_status":"closed","template":"page-full-width.php","meta":{"footnotes":""},"class_list":["post-3327","page","type-page","status-publish","has-post-thumbnail","hentry"],"_links":{"self":[{"href":"https:\/\/gruposollo.com.br\/index.php?rest_route=\/wp\/v2\/pages\/3327","targetHints":{"allow":["GET"]}}],"collection":[{"href":"https:\/\/gruposollo.com.br\/index.php?rest_route=\/wp\/v2\/pages"}],"about":[{"href":"https:\/\/gruposollo.com.br\/index.php?rest_route=\/wp\/v2\/types\/page"}],"author":[{"embeddable":true,"href":"https:\/\/gruposollo.com.br\/index.php?rest_route=\/wp\/v2\/users\/1"}],"replies":[{"embeddable":true,"href":"https:\/\/gruposollo.com.br\/index.php?rest_route=%2Fwp%2Fv2%2Fcomments&post=3327"}],"version-history":[{"count":69,"href":"https:\/\/gruposollo.com.br\/index.php?rest_route=\/wp\/v2\/pages\/3327\/revisions"}],"predecessor-version":[{"id":12304,"href":"https:\/\/gruposollo.com.br\/index.php?rest_route=\/wp\/v2\/pages\/3327\/revisions\/12304"}],"wp:featuredmedia":[{"embeddable":true,"href":"https:\/\/gruposollo.com.br\/index.php?rest_route=\/wp\/v2\/media\/11024"}],"wp:attachment":[{"href":"https:\/\/gruposollo.com.br\/index.php?rest_route=%2Fwp%2Fv2%2Fmedia&parent=3327"}],"curies":[{"name":"wp","href":"https:\/\/api.w.org\/{rel}","templated":true}]}}