{"id":12066,"date":"2024-10-15T09:12:01","date_gmt":"2024-10-15T13:12:01","guid":{"rendered":"https:\/\/gruposollo.com.br\/?page_id=12066"},"modified":"2025-03-26T08:58:57","modified_gmt":"2025-03-26T12:58:57","slug":"ouvidoria","status":"publish","type":"page","link":"https:\/\/gruposollo.com.br\/?page_id=12066","title":{"rendered":"Ouvidoria"},"content":{"rendered":"\t\t<div data-elementor-type=\"wp-page\" data-elementor-id=\"12066\" class=\"elementor elementor-12066\" data-elementor-post-type=\"page\">\n\t\t\t\t\t\t<section class=\"elementor-section elementor-top-section elementor-element elementor-element-d9f3285 elementor-section-full_width elementor-section-height-default elementor-section-height-default\" data-id=\"d9f3285\" data-element_type=\"section\">\n\t\t\t\t\t\t<div class=\"elementor-container elementor-column-gap-no\">\n\t\t\t\t\t<div class=\"elementor-column elementor-col-100 elementor-top-column elementor-element elementor-element-f597935\" data-id=\"f597935\" data-element_type=\"column\">\n\t\t\t<div class=\"elementor-widget-wrap elementor-element-populated\">\n\t\t\t\t\t\t<div class=\"elementor-element elementor-element-af2ffc0 elementor-widget elementor-widget-leroux_core_google_map\" data-id=\"af2ffc0\" data-element_type=\"widget\" data-widget_type=\"leroux_core_google_map.default\">\n\t\t\t\t<div class=\"elementor-widget-container\">\n\t\t\t<div class=\"qodef-shortcode qodef-m  qodef-google-map\">\n\t<div class=\"qodef-m-map\" id=\"qodef-map-id--874\" data-addresses='[\"4211 14th Ave, Brooklyn, NY 11219, USA\",\"7110-7198 Amstel Blvd, Arverne, NY 11692, USA\"]' data-pin=https:\/\/gruposollo.com.br\/wp-content\/uploads\/2023\/05\/pin.png data-unique-id=874 data-height=685><\/div>\n<\/div>\n\t\t<\/div>\n\t\t\t\t<\/div>\n\t\t\t\t\t<\/div>\n\t\t<\/div>\n\t\t\t\t\t<\/div>\n\t\t<\/section>\n\t\t\t\t<section class=\"elementor-section elementor-top-section elementor-element elementor-element-09974a5 elementor-section-full_width elementor-section-height-default elementor-section-height-default\" data-id=\"09974a5\" data-element_type=\"section\">\n\t\t\t\t\t\t<div class=\"elementor-container elementor-column-gap-no\">\n\t\t\t\t\t<div class=\"elementor-column elementor-col-100 elementor-top-column elementor-element elementor-element-265bc9d\" data-id=\"265bc9d\" data-element_type=\"column\">\n\t\t\t<div class=\"elementor-widget-wrap elementor-element-populated\">\n\t\t\t\t\t\t<div class=\"elementor-element elementor-element-e886e7b elementor-widget__width-inherit elementor-widget elementor-widget-leroux_core_section_title\" data-id=\"e886e7b\" data-element_type=\"widget\" data-widget_type=\"leroux_core_section_title.default\">\n\t\t\t\t<div class=\"elementor-widget-container\">\n\t\t\t<div class=\"qodef-shortcode qodef-m  qodef-section-title qodef-alignment--left \">\n\t\t<h1 class=\"qodef-m-title\" >\n\t\t\t\t\tOuvidoria\t\t\t<\/h1>\n\t<\/div>\n\t\t<\/div>\n\t\t\t\t<\/div>\n\t\t\t\t<div class=\"elementor-element elementor-element-9408176 elementor-widget__width-initial elementor-widget elementor-widget-text-editor\" data-id=\"9408176\" data-element_type=\"widget\" data-widget_type=\"text-editor.default\">\n\t\t\t\t<div class=\"elementor-widget-container\">\n\t\t\t<style>\/*! elementor - v3.21.0 - 18-04-2024 *\/\n.elementor-widget-text-editor.elementor-drop-cap-view-stacked .elementor-drop-cap{background-color:#69727d;color:#fff}.elementor-widget-text-editor.elementor-drop-cap-view-framed .elementor-drop-cap{color:#69727d;border:3px solid;background-color:transparent}.elementor-widget-text-editor:not(.elementor-drop-cap-view-default) .elementor-drop-cap{margin-top:8px}.elementor-widget-text-editor:not(.elementor-drop-cap-view-default) .elementor-drop-cap-letter{width:1em;height:1em}.elementor-widget-text-editor .elementor-drop-cap{float:left;text-align:center;line-height:1;font-size:50px}.elementor-widget-text-editor .elementor-drop-cap-letter{display:inline-block}<\/style>\t\t\t\t<h4>Estamos aqui para te ouvir!<br \/>Envie uma mensagem para n\u00f3s.<\/h4><p>Para nos ajudar a entender melhor sua situa\u00e7\u00e3o, por favor, preencha todo o formul\u00e1rio. \u00c9 r\u00e1pido e f\u00e1cil!<\/p>\t\t\t\t\t\t<\/div>\n\t\t\t\t<\/div>\n\t\t\t\t<div class=\"elementor-element elementor-element-d2600bd elementor-widget elementor-widget-text-editor\" data-id=\"d2600bd\" data-element_type=\"widget\" data-widget_type=\"text-editor.default\">\n\t\t\t\t<div class=\"elementor-widget-container\">\n\t\t\t\t\t\t\t<h4>O que esperar da Ouvidoria?<\/h4><p>Ap\u00f3s recebermos seu formul\u00e1rio, um de nossos especialistas em Ouvidoria revisar\u00e1 sua quest\u00e3o cuidadosamente e entrar\u00e1 em contato para uma resolu\u00e7\u00e3o.<\/p>\t\t\t\t\t\t<\/div>\n\t\t\t\t<\/div>\n\t\t\t\t<section class=\"elementor-section elementor-inner-section elementor-element elementor-element-768c8ac elementor-section-full_width elementor-section-height-default elementor-section-height-default\" data-id=\"768c8ac\" data-element_type=\"section\">\n\t\t\t\t\t\t<div class=\"elementor-container elementor-column-gap-no\">\n\t\t\t\t\t<div class=\"elementor-column elementor-col-100 elementor-inner-column elementor-element elementor-element-1dfa3c4\" data-id=\"1dfa3c4\" data-element_type=\"column\">\n\t\t\t<div class=\"elementor-widget-wrap\">\n\t\t\t\t\t\t\t<\/div>\n\t\t<\/div>\n\t\t\t\t\t<\/div>\n\t\t<\/section>\n\t\t\t\t\t<\/div>\n\t\t<\/div>\n\t\t\t\t\t<\/div>\n\t\t<\/section>\n\t\t\t\t<\/div>\n\t\t","protected":false},"excerpt":{"rendered":"<p>Ouvidoria Estamos aqui para te ouvir!Envie uma mensagem para n\u00f3s. Para nos ajudar a entender melhor sua situa\u00e7\u00e3o, por favor, preencha todo o formul\u00e1rio. \u00c9 r\u00e1pido e f\u00e1cil! O que esperar da Ouvidoria? Ap\u00f3s recebermos seu formul\u00e1rio, um de nossos especialistas em Ouvidoria revisar\u00e1 sua quest\u00e3o cuidadosamente e entrar\u00e1 em contato para uma resolu\u00e7\u00e3o.<\/p>\n","protected":false},"author":1,"featured_media":0,"parent":0,"menu_order":0,"comment_status":"closed","ping_status":"closed","template":"page-full-width.php","meta":{"footnotes":""},"class_list":["post-12066","page","type-page","status-publish","hentry"],"_links":{"self":[{"href":"https:\/\/gruposollo.com.br\/index.php?rest_route=\/wp\/v2\/pages\/12066","targetHints":{"allow":["GET"]}}],"collection":[{"href":"https:\/\/gruposollo.com.br\/index.php?rest_route=\/wp\/v2\/pages"}],"about":[{"href":"https:\/\/gruposollo.com.br\/index.php?rest_route=\/wp\/v2\/types\/page"}],"author":[{"embeddable":true,"href":"https:\/\/gruposollo.com.br\/index.php?rest_route=\/wp\/v2\/users\/1"}],"replies":[{"embeddable":true,"href":"https:\/\/gruposollo.com.br\/index.php?rest_route=%2Fwp%2Fv2%2Fcomments&post=12066"}],"version-history":[{"count":25,"href":"https:\/\/gruposollo.com.br\/index.php?rest_route=\/wp\/v2\/pages\/12066\/revisions"}],"predecessor-version":[{"id":12232,"href":"https:\/\/gruposollo.com.br\/index.php?rest_route=\/wp\/v2\/pages\/12066\/revisions\/12232"}],"wp:attachment":[{"href":"https:\/\/gruposollo.com.br\/index.php?rest_route=%2Fwp%2Fv2%2Fmedia&parent=12066"}],"curies":[{"name":"wp","href":"https:\/\/api.w.org\/{rel}","templated":true}]}}